{"id":8023,"date":"2022-04-12T14:53:49","date_gmt":"2022-04-12T14:53:49","guid":{"rendered":"https:\/\/facomet.cl\/?page_id=8023"},"modified":"2026-03-18T14:47:03","modified_gmt":"2026-03-18T14:47:03","slug":"equipamiento","status":"publish","type":"page","link":"https:\/\/facomet.cl\/index.php\/equipamiento\/","title":{"rendered":"Equipamiento"},"content":{"rendered":"<section class=\"l-section wpb_row height_custom\"><div class=\"l-section-h i-cf\"><div class=\"g-cols vc_row via_flex valign_top type_default stacking_default\"><div class=\"vc_col-sm-12 wpb_column vc_column_container\"><div class=\"vc_column-inner\"><div class=\"wpb_wrapper\"><div class=\"wpb_text_column\"><div class=\"wpb_wrapper\"><p style=\"text-align: justify;\">Facomet cuenta con 26 a\u00f1os de experiencia en la fabricaci\u00f3n de todo tipo de piezas especiales y para esto dispone de maquinar\u00eda de \u00faltima tecnolog\u00eda con control CNC, corte laser, guillotina, plasma de alta definici\u00f3n el cual garantiza un trabajo r\u00e1pido, preciso y de alta repetibilidad al crear piezas de todas las formas y tama\u00f1os en planchas de los m\u00e1s diversos materiales.<\/p>\n<\/div><\/div><div class=\"w-separator size_small\"><\/div><div class=\"w-grid us_grid img-equip type_grid layout_gallery_default cols_4 preload_style_spinner\" id=\"us_grid_1\" style=\"--columns:4;--gap:1.5rem;\" data-filterable=\"true\"><style>@media (max-width:1280px){#us_grid_1{--columns:3!important}}@media (max-width:1024px){#us_grid_1{--columns:2!important}}@media (max-width:600px){#us_grid_1{--columns:1!important}}.layout_gallery_default .w-grid-item-h{}<\/style><div class=\"w-grid-list\">\t<article class=\"w-grid-item size_1x1 post-8478 attachment type-attachment status-inherit hentry\" data-id=\"8478\">\r\n\t\t<div class=\"w-grid-item-h\">\r\n\t\t\t\t\t\t<div class=\"w-post-elm post_image usg_post_image_1 stretched\"><img loading=\"lazy\" decoding=\"async\" width=\"1024\" height=\"577\" src=\"https:\/\/facomet.cl\/wp-content\/uploads\/2022\/04\/WhatsApp-Image-2024-04-19-at-13.10.24-1024x577.jpeg\" class=\"attachment-large size-large\" alt=\"\" srcset=\"https:\/\/facomet.cl\/wp-content\/uploads\/2022\/04\/WhatsApp-Image-2024-04-19-at-13.10.24-1024x577.jpeg 1024w, https:\/\/facomet.cl\/wp-content\/uploads\/2022\/04\/WhatsApp-Image-2024-04-19-at-13.10.24-300x169.jpeg 300w, https:\/\/facomet.cl\/wp-content\/uploads\/2022\/04\/WhatsApp-Image-2024-04-19-at-13.10.24-600x338.jpeg 600w, https:\/\/facomet.cl\/wp-content\/uploads\/2022\/04\/WhatsApp-Image-2024-04-19-at-13.10.24.jpeg 1280w\" sizes=\"auto, (max-width: 1024px) 100vw, 1024px\" \/><\/div>\t\t<\/div>\r\n\t\t\t<\/article>\r\n\t<article class=\"w-grid-item size_1x1 post-8436 attachment type-attachment status-inherit hentry\" data-id=\"8436\">\r\n\t\t<div class=\"w-grid-item-h\">\r\n\t\t\t\t\t\t<div class=\"w-post-elm post_image usg_post_image_1 stretched\"><img loading=\"lazy\" decoding=\"async\" width=\"500\" height=\"400\" src=\"https:\/\/facomet.cl\/wp-content\/uploads\/2022\/07\/3-1.jpg\" class=\"attachment-large size-large\" alt=\"\" srcset=\"https:\/\/facomet.cl\/wp-content\/uploads\/2022\/07\/3-1.jpg 500w, https:\/\/facomet.cl\/wp-content\/uploads\/2022\/07\/3-1-300x240.jpg 300w\" sizes=\"auto, (max-width: 500px) 100vw, 500px\" \/><\/div>\t\t<\/div>\r\n\t\t\t<\/article>\r\n\t<article class=\"w-grid-item size_1x1 post-8026 attachment type-attachment status-inherit hentry\" data-id=\"8026\">\r\n\t\t<div class=\"w-grid-item-h\">\r\n\t\t\t\t\t\t<div class=\"w-post-elm post_image usg_post_image_1 stretched\"><img loading=\"lazy\" decoding=\"async\" width=\"1000\" height=\"699\" src=\"https:\/\/facomet.cl\/wp-content\/uploads\/2022\/04\/equi03.jpg\" class=\"attachment-large size-large\" alt=\"\" srcset=\"https:\/\/facomet.cl\/wp-content\/uploads\/2022\/04\/equi03.jpg 1000w, https:\/\/facomet.cl\/wp-content\/uploads\/2022\/04\/equi03-300x210.jpg 300w, https:\/\/facomet.cl\/wp-content\/uploads\/2022\/04\/equi03-600x419.jpg 600w\" sizes=\"auto, (max-width: 1000px) 100vw, 1000px\" \/><\/div>\t\t<\/div>\r\n\t\t\t<\/article>\r\n\t<article class=\"w-grid-item size_1x1 post-8025 attachment type-attachment status-inherit hentry\" data-id=\"8025\">\r\n\t\t<div class=\"w-grid-item-h\">\r\n\t\t\t\t\t\t<div class=\"w-post-elm post_image usg_post_image_1 stretched\"><img loading=\"lazy\" decoding=\"async\" width=\"1000\" height=\"699\" src=\"https:\/\/facomet.cl\/wp-content\/uploads\/2022\/04\/equi02.jpg\" class=\"attachment-large size-large\" alt=\"\" srcset=\"https:\/\/facomet.cl\/wp-content\/uploads\/2022\/04\/equi02.jpg 1000w, https:\/\/facomet.cl\/wp-content\/uploads\/2022\/04\/equi02-300x210.jpg 300w, https:\/\/facomet.cl\/wp-content\/uploads\/2022\/04\/equi02-600x419.jpg 600w\" sizes=\"auto, (max-width: 1000px) 100vw, 1000px\" \/><\/div>\t\t<\/div>\r\n\t\t\t<\/article>\r\n\t<article class=\"w-grid-item size_1x1 post-8024 attachment type-attachment status-inherit hentry\" data-id=\"8024\">\r\n\t\t<div class=\"w-grid-item-h\">\r\n\t\t\t\t\t\t<div class=\"w-post-elm post_image usg_post_image_1 stretched\"><img loading=\"lazy\" decoding=\"async\" width=\"1000\" height=\"699\" src=\"https:\/\/facomet.cl\/wp-content\/uploads\/2022\/04\/equi01.jpeg\" class=\"attachment-large size-large\" alt=\"\" srcset=\"https:\/\/facomet.cl\/wp-content\/uploads\/2022\/04\/equi01.jpeg 1000w, https:\/\/facomet.cl\/wp-content\/uploads\/2022\/04\/equi01-300x210.jpeg 300w, https:\/\/facomet.cl\/wp-content\/uploads\/2022\/04\/equi01-600x419.jpeg 600w\" sizes=\"auto, (max-width: 1000px) 100vw, 1000px\" \/><\/div>\t\t<\/div>\r\n\t\t\t<\/article>\r\n<\/div>\t<div class=\"w-grid-preloader\">\r\n\t\t<div class=\"g-preloader type_1\">\r\n\t\t\t<div><\/div>\r\n\t\t<\/div>\r\n\t<\/div>\r\n\t\t<div class=\"w-grid-json hidden\" onclick='return {&quot;action&quot;:&quot;us_ajax_grid&quot;,&quot;infinite_scroll&quot;:0,&quot;max_num_pages&quot;:1,&quot;pagination&quot;:&quot;none&quot;,&quot;template_vars&quot;:{&quot;columns&quot;:&quot;4&quot;,&quot;exclude_items&quot;:&quot;none&quot;,&quot;img_size&quot;:&quot;default&quot;,&quot;ignore_items_size&quot;:0,&quot;items_layout&quot;:&quot;gallery_default&quot;,&quot;items_offset&quot;:&quot;1&quot;,&quot;load_animation&quot;:&quot;none&quot;,&quot;overriding_link&quot;:&quot;{\\&quot;url\\&quot;:\\&quot;\\&quot;}&quot;,&quot;post_id&quot;:0,&quot;query_args&quot;:{&quot;post_type&quot;:[&quot;attachment&quot;],&quot;post__in&quot;:[&quot;8024&quot;,&quot;8025&quot;,&quot;8026&quot;,&quot;8478&quot;,&quot;8436&quot;],&quot;post_status&quot;:&quot;inherit&quot;,&quot;post_mime_type&quot;:&quot;image&quot;,&quot;posts_per_page&quot;:&quot;10&quot;},&quot;orderby_query_args&quot;:{&quot;orderby&quot;:{&quot;date&quot;:&quot;DESC&quot;}},&quot;type&quot;:&quot;grid&quot;,&quot;us_grid_post_type&quot;:&quot;attachment&quot;,&quot;us_grid_ajax_index&quot;:1,&quot;us_grid_filter_query_string&quot;:null,&quot;us_grid_index&quot;:1,&quot;page_args&quot;:[]}}'><\/div>\r\n\t<\/div><div class=\"w-separator size_small\"><\/div><div class=\"wpb_text_column\"><div class=\"wpb_wrapper\"><p style=\"text-align: justify;\">Disponemos de amplias dependencias con f\u00e1cil acceso para que su visita sea grata y efectiva, adem\u00e1s para evitar problemas de retrasos en entregas contamos con un generador el\u00e9ctrico para el correcto funcionamiento de todas nuestra m\u00e1quinaria en caso de un corte de energ\u00eda el\u00e9ctrica.<\/p>\n<\/div><\/div><div class=\"w-separator size_small\"><\/div><div class=\"w-image align_center\"><div class=\"w-image-h\"><img decoding=\"async\" width=\"557\" height=\"103\" src=\"https:\/\/facomet.cl\/wp-content\/uploads\/2022\/04\/equipamiento_5.jpg\" class=\"attachment-full size-full\" alt=\"\" loading=\"lazy\" srcset=\"https:\/\/facomet.cl\/wp-content\/uploads\/2022\/04\/equipamiento_5.jpg 557w, https:\/\/facomet.cl\/wp-content\/uploads\/2022\/04\/equipamiento_5-300x55.jpg 300w\" sizes=\"auto, (max-width: 557px) 100vw, 557px\" \/><\/div><\/div><\/div><\/div><\/div><\/div><\/div><\/section>\n","protected":false},"excerpt":{"rendered":"","protected":false},"author":1,"featured_media":0,"parent":0,"menu_order":0,"comment_status":"closed","ping_status":"closed","template":"","meta":{"_acf_changed":false,"footnotes":""},"class_list":["post-8023","page","type-page","status-publish","hentry"],"acf":[],"yoast_head":"<!-- This site is optimized with the Yoast SEO plugin v27.0 - https:\/\/yoast.com\/product\/yoast-seo-wordpress\/ -->\n<title>Tecnolog\u00eda y Maquinaria Industrial de \u00daltima Generaci\u00f3n | Facomet<\/title>\n<meta name=\"description\" content=\"Conozca nuestra infraestructura: centros de mecanizado, cortadoras plasma y plegadoras de alta capacidad. Inversi\u00f3n tecnol\u00f3gica al servicio de sus proyectos.\" \/>\n<meta name=\"robots\" content=\"index, follow, max-snippet:-1, max-image-preview:large, max-video-preview:-1\" \/>\n<link rel=\"canonical\" href=\"https:\/\/facomet.cl\/index.php\/equipamiento\/\" \/>\n<meta property=\"og:locale\" content=\"es_ES\" \/>\n<meta property=\"og:type\" content=\"article\" \/>\n<meta property=\"og:title\" content=\"Tecnolog\u00eda y Maquinaria Industrial de \u00daltima Generaci\u00f3n | Facomet\" \/>\n<meta property=\"og:description\" content=\"Conozca nuestra infraestructura: centros de mecanizado, cortadoras plasma y plegadoras de alta capacidad. Inversi\u00f3n tecnol\u00f3gica al servicio de sus proyectos.\" \/>\n<meta property=\"og:url\" content=\"https:\/\/facomet.cl\/index.php\/equipamiento\/\" \/>\n<meta property=\"og:site_name\" content=\"Corte laser\" \/>\n<meta property=\"article:modified_time\" content=\"2026-03-18T14:47:03+00:00\" \/>\n<meta name=\"twitter:card\" content=\"summary_large_image\" \/>\n<meta name=\"twitter:label1\" content=\"Tiempo de lectura\" \/>\n\t<meta name=\"twitter:data1\" content=\"1 minuto\" \/>\n<script type=\"application\/ld+json\" class=\"yoast-schema-graph\">{\"@context\":\"https:\/\/schema.org\",\"@graph\":[{\"@type\":\"WebPage\",\"@id\":\"https:\/\/facomet.cl\/index.php\/equipamiento\/\",\"url\":\"https:\/\/facomet.cl\/index.php\/equipamiento\/\",\"name\":\"Tecnolog\u00eda y Maquinaria Industrial de \u00daltima Generaci\u00f3n | Facomet\",\"isPartOf\":{\"@id\":\"https:\/\/facomet.cl\/#website\"},\"datePublished\":\"2022-04-12T14:53:49+00:00\",\"dateModified\":\"2026-03-18T14:47:03+00:00\",\"description\":\"Conozca nuestra infraestructura: centros de mecanizado, cortadoras plasma y plegadoras de alta capacidad. Inversi\u00f3n tecnol\u00f3gica al servicio de sus proyectos.\",\"breadcrumb\":{\"@id\":\"https:\/\/facomet.cl\/index.php\/equipamiento\/#breadcrumb\"},\"inLanguage\":\"es\",\"potentialAction\":[{\"@type\":\"ReadAction\",\"target\":[\"https:\/\/facomet.cl\/index.php\/equipamiento\/\"]}]},{\"@type\":\"BreadcrumbList\",\"@id\":\"https:\/\/facomet.cl\/index.php\/equipamiento\/#breadcrumb\",\"itemListElement\":[{\"@type\":\"ListItem\",\"position\":1,\"name\":\"Portada\",\"item\":\"https:\/\/facomet.cl\/\"},{\"@type\":\"ListItem\",\"position\":2,\"name\":\"Equipamiento\"}]},{\"@type\":\"WebSite\",\"@id\":\"https:\/\/facomet.cl\/#website\",\"url\":\"https:\/\/facomet.cl\/\",\"name\":\"Aceros Facomet\",\"description\":\"Cilindrado de planchas, Corte por chorro de agua, Maestranza, Punzonado, Corte y Plegados, Corte por plasma alta definici\u00f3n, Abastecedora Cortinas Facomet, Corte de Planchas Dimensionadas, Corta Laser de Letreros, Metal\u00fargica, Aceros.\",\"publisher\":{\"@id\":\"https:\/\/facomet.cl\/#organization\"},\"potentialAction\":[{\"@type\":\"SearchAction\",\"target\":{\"@type\":\"EntryPoint\",\"urlTemplate\":\"https:\/\/facomet.cl\/?s={search_term_string}\"},\"query-input\":{\"@type\":\"PropertyValueSpecification\",\"valueRequired\":true,\"valueName\":\"search_term_string\"}}],\"inLanguage\":\"es\"},{\"@type\":\"Organization\",\"@id\":\"https:\/\/facomet.cl\/#organization\",\"name\":\"Aceros Facomet\",\"url\":\"https:\/\/facomet.cl\/\",\"logo\":{\"@type\":\"ImageObject\",\"inLanguage\":\"es\",\"@id\":\"https:\/\/facomet.cl\/#\/schema\/logo\/image\/\",\"url\":\"https:\/\/facomet.cl\/wp-content\/uploads\/2017\/07\/logo-1.png\",\"contentUrl\":\"https:\/\/facomet.cl\/wp-content\/uploads\/2017\/07\/logo-1.png\",\"width\":300,\"height\":70,\"caption\":\"Aceros Facomet\"},\"image\":{\"@id\":\"https:\/\/facomet.cl\/#\/schema\/logo\/image\/\"},\"sameAs\":[\"https:\/\/www.instagram.com\/facometspa\/\"]}]}<\/script>\n<!-- \/ Yoast SEO plugin. -->","yoast_head_json":{"title":"Tecnolog\u00eda y Maquinaria Industrial de \u00daltima Generaci\u00f3n | Facomet","description":"Conozca nuestra infraestructura: centros de mecanizado, cortadoras plasma y plegadoras de alta capacidad. Inversi\u00f3n tecnol\u00f3gica al servicio de sus proyectos.","robots":{"index":"index","follow":"follow","max-snippet":"max-snippet:-1","max-image-preview":"max-image-preview:large","max-video-preview":"max-video-preview:-1"},"canonical":"https:\/\/facomet.cl\/index.php\/equipamiento\/","og_locale":"es_ES","og_type":"article","og_title":"Tecnolog\u00eda y Maquinaria Industrial de \u00daltima Generaci\u00f3n | Facomet","og_description":"Conozca nuestra infraestructura: centros de mecanizado, cortadoras plasma y plegadoras de alta capacidad. Inversi\u00f3n tecnol\u00f3gica al servicio de sus proyectos.","og_url":"https:\/\/facomet.cl\/index.php\/equipamiento\/","og_site_name":"Corte laser","article_modified_time":"2026-03-18T14:47:03+00:00","twitter_card":"summary_large_image","twitter_misc":{"Tiempo de lectura":"1 minuto"},"schema":{"@context":"https:\/\/schema.org","@graph":[{"@type":"WebPage","@id":"https:\/\/facomet.cl\/index.php\/equipamiento\/","url":"https:\/\/facomet.cl\/index.php\/equipamiento\/","name":"Tecnolog\u00eda y Maquinaria Industrial de \u00daltima Generaci\u00f3n | Facomet","isPartOf":{"@id":"https:\/\/facomet.cl\/#website"},"datePublished":"2022-04-12T14:53:49+00:00","dateModified":"2026-03-18T14:47:03+00:00","description":"Conozca nuestra infraestructura: centros de mecanizado, cortadoras plasma y plegadoras de alta capacidad. Inversi\u00f3n tecnol\u00f3gica al servicio de sus proyectos.","breadcrumb":{"@id":"https:\/\/facomet.cl\/index.php\/equipamiento\/#breadcrumb"},"inLanguage":"es","potentialAction":[{"@type":"ReadAction","target":["https:\/\/facomet.cl\/index.php\/equipamiento\/"]}]},{"@type":"BreadcrumbList","@id":"https:\/\/facomet.cl\/index.php\/equipamiento\/#breadcrumb","itemListElement":[{"@type":"ListItem","position":1,"name":"Portada","item":"https:\/\/facomet.cl\/"},{"@type":"ListItem","position":2,"name":"Equipamiento"}]},{"@type":"WebSite","@id":"https:\/\/facomet.cl\/#website","url":"https:\/\/facomet.cl\/","name":"Aceros Facomet","description":"Cilindrado de planchas, Corte por chorro de agua, Maestranza, Punzonado, Corte y Plegados, Corte por plasma alta definici\u00f3n, Abastecedora Cortinas Facomet, Corte de Planchas Dimensionadas, Corta Laser de Letreros, Metal\u00fargica, Aceros.","publisher":{"@id":"https:\/\/facomet.cl\/#organization"},"potentialAction":[{"@type":"SearchAction","target":{"@type":"EntryPoint","urlTemplate":"https:\/\/facomet.cl\/?s={search_term_string}"},"query-input":{"@type":"PropertyValueSpecification","valueRequired":true,"valueName":"search_term_string"}}],"inLanguage":"es"},{"@type":"Organization","@id":"https:\/\/facomet.cl\/#organization","name":"Aceros Facomet","url":"https:\/\/facomet.cl\/","logo":{"@type":"ImageObject","inLanguage":"es","@id":"https:\/\/facomet.cl\/#\/schema\/logo\/image\/","url":"https:\/\/facomet.cl\/wp-content\/uploads\/2017\/07\/logo-1.png","contentUrl":"https:\/\/facomet.cl\/wp-content\/uploads\/2017\/07\/logo-1.png","width":300,"height":70,"caption":"Aceros Facomet"},"image":{"@id":"https:\/\/facomet.cl\/#\/schema\/logo\/image\/"},"sameAs":["https:\/\/www.instagram.com\/facometspa\/"]}]}},"_links":{"self":[{"href":"https:\/\/facomet.cl\/index.php\/wp-json\/wp\/v2\/pages\/8023","targetHints":{"allow":["GET"]}}],"collection":[{"href":"https:\/\/facomet.cl\/index.php\/wp-json\/wp\/v2\/pages"}],"about":[{"href":"https:\/\/facomet.cl\/index.php\/wp-json\/wp\/v2\/types\/page"}],"author":[{"embeddable":true,"href":"https:\/\/facomet.cl\/index.php\/wp-json\/wp\/v2\/users\/1"}],"replies":[{"embeddable":true,"href":"https:\/\/facomet.cl\/index.php\/wp-json\/wp\/v2\/comments?post=8023"}],"version-history":[{"count":8,"href":"https:\/\/facomet.cl\/index.php\/wp-json\/wp\/v2\/pages\/8023\/revisions"}],"predecessor-version":[{"id":8653,"href":"https:\/\/facomet.cl\/index.php\/wp-json\/wp\/v2\/pages\/8023\/revisions\/8653"}],"wp:attachment":[{"href":"https:\/\/facomet.cl\/index.php\/wp-json\/wp\/v2\/media?parent=8023"}],"curies":[{"name":"wp","href":"https:\/\/api.w.org\/{rel}","templated":true}]}}